{"id":31,"date":"2020-04-13T11:18:52","date_gmt":"2020-04-13T11:18:52","guid":{"rendered":"https:\/\/p4priests.it\/?page_id=31"},"modified":"2023-11-14T20:21:05","modified_gmt":"2023-11-14T20:21:05","slug":"about","status":"publish","type":"page","link":"https:\/\/p4priests.it\/?page_id=31","title":{"rendered":"About"},"content":{"rendered":"\t\t<div data-elementor-type=\"wp-page\" data-elementor-id=\"31\" class=\"elementor elementor-31\">\n\t\t\t\t\t\t\t\t\t<section class=\"elementor-section elementor-top-section elementor-element elementor-element-5131a13e elementor-section-boxed elementor-section-height-default elementor-section-height-default\" data-id=\"5131a13e\" data-element_type=\"section\" data-settings=\"{&quot;background_background&quot;:&quot;classic&quot;}\">\n\t\t\t\t\t\t\t<div class=\"elementor-background-overlay\"><\/div>\n\t\t\t\t\t\t\t<div class=\"elementor-container elementor-column-gap-default\">\n\t\t\t\t\t<div class=\"elementor-column elementor-col-100 elementor-top-column elementor-element elementor-element-1053ca7a\" data-id=\"1053ca7a\" data-element_type=\"column\">\n\t\t\t<div class=\"elementor-widget-wrap elementor-element-populated\">\n\t\t\t\t\t\t\t\t<div class=\"elementor-element elementor-element-3d99e122 elementor-widget elementor-widget-heading\" data-id=\"3d99e122\" data-element_type=\"widget\" data-widget_type=\"heading.default\">\n\t\t\t\t<div class=\"elementor-widget-container\">\n\t\t\t<style>\/*! elementor - v3.17.0 - 25-10-2023 *\/\n.elementor-heading-title{padding:0;margin:0;line-height:1}.elementor-widget-heading .elementor-heading-title[class*=elementor-size-]>a{color:inherit;font-size:inherit;line-height:inherit}.elementor-widget-heading .elementor-heading-title.elementor-size-small{font-size:15px}.elementor-widget-heading .elementor-heading-title.elementor-size-medium{font-size:19px}.elementor-widget-heading .elementor-heading-title.elementor-size-large{font-size:29px}.elementor-widget-heading .elementor-heading-title.elementor-size-xl{font-size:39px}.elementor-widget-heading .elementor-heading-title.elementor-size-xxl{font-size:59px}<\/style><h1 class=\"elementor-heading-title elementor-size-default\">L'INIZIATIVA<\/h1>\t\t<\/div>\n\t\t\t\t<\/div>\n\t\t\t\t\t<\/div>\n\t\t<\/div>\n\t\t\t\t\t\t\t<\/div>\n\t\t<\/section>\n\t\t<div class=\"elementor-element elementor-element-1a2e716 e-flex e-con-boxed e-con e-parent\" data-id=\"1a2e716\" data-element_type=\"container\" data-settings=\"{&quot;content_width&quot;:&quot;boxed&quot;}\" data-core-v316-plus=\"true\">\n\t\t\t\t\t<div class=\"e-con-inner\">\n\t\t\t\t<div class=\"elementor-element elementor-element-491558b elementor-widget elementor-widget-heading\" data-id=\"491558b\" data-element_type=\"widget\" data-widget_type=\"heading.default\">\n\t\t\t\t<div class=\"elementor-widget-container\">\n\t\t\t<h2 class=\"elementor-heading-title elementor-size-default\">Perch\u00e8 questa iniziativa<\/h2>\t\t<\/div>\n\t\t\t\t<\/div>\n\t\t\t\t\t<\/div>\n\t\t\t\t<\/div>\n\t\t<div class=\"elementor-element elementor-element-1080214 e-flex e-con-boxed e-con e-parent\" data-id=\"1080214\" data-element_type=\"container\" data-settings=\"{&quot;content_width&quot;:&quot;boxed&quot;}\" data-core-v316-plus=\"true\">\n\t\t\t\t\t<div class=\"e-con-inner\">\n\t\t<div class=\"elementor-element elementor-element-b7a5810 e-con-full e-flex e-con e-child\" data-id=\"b7a5810\" data-element_type=\"container\" data-settings=\"{&quot;content_width&quot;:&quot;full&quot;}\">\n\t\t\t\t<div class=\"elementor-element elementor-element-c0e0a7f elementor-widget elementor-widget-image\" data-id=\"c0e0a7f\" data-element_type=\"widget\" data-widget_type=\"image.default\">\n\t\t\t\t<div class=\"elementor-widget-container\">\n\t\t\t<style>\/*! elementor - v3.17.0 - 25-10-2023 *\/\n.elementor-widget-image{text-align:center}.elementor-widget-image a{display:inline-block}.elementor-widget-image a img[src$=\".svg\"]{width:48px}.elementor-widget-image img{vertical-align:middle;display:inline-block}<\/style>\t\t\t\t\t\t\t\t\t\t\t\t<img fetchpriority=\"high\" decoding=\"async\" width=\"720\" height=\"450\" src=\"https:\/\/p4priests.it\/wp-content\/uploads\/2023\/11\/Schermata-2023-11-08-alle-15.jpg\" class=\"attachment-large size-large wp-image-353\" alt=\"\" srcset=\"https:\/\/p4priests.it\/wp-content\/uploads\/2023\/11\/Schermata-2023-11-08-alle-15.jpg 720w, https:\/\/p4priests.it\/wp-content\/uploads\/2023\/11\/Schermata-2023-11-08-alle-15-300x188.jpg 300w\" sizes=\"(max-width: 720px) 100vw, 720px\" \/>\t\t\t\t\t\t\t\t\t\t\t\t\t\t\t<\/div>\n\t\t\t\t<\/div>\n\t\t\t\t<\/div>\n\t\t<div class=\"elementor-element elementor-element-35f8492 e-con-full e-flex e-con e-child\" data-id=\"35f8492\" data-element_type=\"container\" data-settings=\"{&quot;content_width&quot;:&quot;full&quot;}\">\n\t\t\t\t<div class=\"elementor-element elementor-element-3ec5e97 elementor-widget elementor-widget-text-editor\" data-id=\"3ec5e97\" data-element_type=\"widget\" data-widget_type=\"text-editor.default\">\n\t\t\t\t<div class=\"elementor-widget-container\">\n\t\t\t<style>\/*! elementor - v3.17.0 - 25-10-2023 *\/\n.elementor-widget-text-editor.elementor-drop-cap-view-stacked .elementor-drop-cap{background-color:#69727d;color:#fff}.elementor-widget-text-editor.elementor-drop-cap-view-framed .elementor-drop-cap{color:#69727d;border:3px solid;background-color:transparent}.elementor-widget-text-editor:not(.elementor-drop-cap-view-default) .elementor-drop-cap{margin-top:8px}.elementor-widget-text-editor:not(.elementor-drop-cap-view-default) .elementor-drop-cap-letter{width:1em;height:1em}.elementor-widget-text-editor .elementor-drop-cap{float:left;text-align:center;line-height:1;font-size:50px}.elementor-widget-text-editor .elementor-drop-cap-letter{display:inline-block}<\/style>\t\t\t\t<p>Nella consapevolezza che la preghiera superi tutte le polemiche e gli scandali;<\/p><p>nella certezza che \u00e8 solo grazie ai sacerdoti che abbiamo la possibilit\u00e0 di accedere ai sacramenti;<\/p><p>nell\u2019esperienza dell\u2019accoglienza e dell\u2019ascolto che tutti noi abbiamo sperimentato;<\/p><p>nel desiderio di voler essere di aiuto a questi nostri fratelli sacerdoti che, nei limiti della loro umanit\u00e0, offrono la loro vita per il Regno dei Cieli.<\/p>\t\t\t\t\t\t<\/div>\n\t\t\t\t<\/div>\n\t\t\t\t<\/div>\n\t\t\t\t\t<\/div>\n\t\t\t\t<\/div>\n\t\t<div class=\"elementor-element elementor-element-66e60df e-flex e-con-boxed e-con e-parent\" data-id=\"66e60df\" data-element_type=\"container\" data-settings=\"{&quot;content_width&quot;:&quot;boxed&quot;}\" data-core-v316-plus=\"true\">\n\t\t\t\t\t<div class=\"e-con-inner\">\n\t\t<div class=\"elementor-element elementor-element-cff766a e-con-full e-flex e-con e-child\" data-id=\"cff766a\" data-element_type=\"container\" data-settings=\"{&quot;content_width&quot;:&quot;full&quot;}\">\n\t\t\t\t<div class=\"elementor-element elementor-element-e3570bc elementor-widget elementor-widget-text-editor\" data-id=\"e3570bc\" data-element_type=\"widget\" data-widget_type=\"text-editor.default\">\n\t\t\t\t<div class=\"elementor-widget-container\">\n\t\t\t\t\t\t\t<p>In seno alla Pastorale Universitaria di Chieti \u00e8 nato il desiderio di sensibilizzare il popolo di Dio per chiedere tutti insieme al Signore di donarci pastori secondo il suo cuore e vogliamo farlo per quello che ci \u00e8 proprio in quanto battezzati: pregare, pregare, pregare incessantemente.<\/p><p>Abbiamo pensato a varie modalit\u00e0 in cui si pu\u00f2 aderire a questa iniziativa, in base alle proprie possibilit\u00e0.<\/p><p>Affidando questa iniziativa a Maria Santissima, regina dei sacerdoti e a Teresa del Bambin Ges\u00f9 che ha offerto la sua vita per le anime dei sacerdoti.<\/p>\t\t\t\t\t\t<\/div>\n\t\t\t\t<\/div>\n\t\t\t\t<\/div>\n\t\t<div class=\"elementor-element elementor-element-72b7c3b e-con-full e-flex e-con e-child\" data-id=\"72b7c3b\" data-element_type=\"container\" data-settings=\"{&quot;content_width&quot;:&quot;full&quot;}\">\n\t\t\t\t<div class=\"elementor-element elementor-element-0162395 elementor-widget elementor-widget-image\" data-id=\"0162395\" data-element_type=\"widget\" data-widget_type=\"image.default\">\n\t\t\t\t<div class=\"elementor-widget-container\">\n\t\t\t\t\t\t\t\t\t\t\t\t\t\t\t<img decoding=\"async\" width=\"720\" height=\"450\" src=\"https:\/\/p4priests.it\/wp-content\/uploads\/2023\/11\/Schermata-2023-11-08-alle-15.21.jpg\" class=\"attachment-large size-large wp-image-350\" alt=\"\" srcset=\"https:\/\/p4priests.it\/wp-content\/uploads\/2023\/11\/Schermata-2023-11-08-alle-15.21.jpg 720w, https:\/\/p4priests.it\/wp-content\/uploads\/2023\/11\/Schermata-2023-11-08-alle-15.21-300x188.jpg 300w\" sizes=\"(max-width: 720px) 100vw, 720px\" \/>\t\t\t\t\t\t\t\t\t\t\t\t\t\t\t<\/div>\n\t\t\t\t<\/div>\n\t\t\t\t<\/div>\n\t\t\t\t\t<\/div>\n\t\t\t\t<\/div>\n\t\t<div class=\"elementor-element elementor-element-2ed424c e-flex e-con-boxed e-con e-parent\" data-id=\"2ed424c\" data-element_type=\"container\" data-settings=\"{&quot;content_width&quot;:&quot;boxed&quot;}\" data-core-v316-plus=\"true\">\n\t\t\t\t\t<div class=\"e-con-inner\">\n\t\t\t\t<div class=\"elementor-element elementor-element-0bd9573 elementor-widget elementor-widget-heading\" data-id=\"0bd9573\" data-element_type=\"widget\" data-widget_type=\"heading.default\">\n\t\t\t\t<div class=\"elementor-widget-container\">\n\t\t\t<h2 class=\"elementor-heading-title elementor-size-default\">Per saperne di pi\u00f9 sulla Pastorale Universitaria di Chieti<\/h2>\t\t<\/div>\n\t\t\t\t<\/div>\n\t\t\t\t<div class=\"elementor-element elementor-element-4613904 elementor-widget elementor-widget-image\" data-id=\"4613904\" data-element_type=\"widget\" data-widget_type=\"image.default\">\n\t\t\t\t<div class=\"elementor-widget-container\">\n\t\t\t\t\t\t\t\t\t\t\t\t\t\t\t\t<a href=\"https:\/\/www.instagram.com\/pastorale_universitaria_ch\/?utm_source=ig_web_button_share_sheet&#038;igshid=OGQ5ZDc2ODk2ZA==\" target=\"_blank\">\n\t\t\t\t\t\t\t<img decoding=\"async\" width=\"150\" height=\"150\" src=\"https:\/\/p4priests.it\/wp-content\/uploads\/2023\/11\/stemma-pastorale-universitaria-150x150.png\" class=\"elementor-animation-grow attachment-thumbnail size-thumbnail wp-image-500\" alt=\"\" srcset=\"https:\/\/p4priests.it\/wp-content\/uploads\/2023\/11\/stemma-pastorale-universitaria-150x150.png 150w, https:\/\/p4priests.it\/wp-content\/uploads\/2023\/11\/stemma-pastorale-universitaria-300x300.png 300w, https:\/\/p4priests.it\/wp-content\/uploads\/2023\/11\/stemma-pastorale-universitaria.png 717w\" sizes=\"(max-width: 150px) 100vw, 150px\" \/>\t\t\t\t\t\t\t\t<\/a>\n\t\t\t\t\t\t\t\t\t\t\t\t\t\t\t<\/div>\n\t\t\t\t<\/div>\n\t\t\t\t\t<\/div>\n\t\t\t\t<\/div>\n\t\t\t\t\t\t\t<\/div>\n\t\t","protected":false},"excerpt":{"rendered":"<p>L&#8217;INIZIATIVA Perch\u00e8 questa iniziativa Nella consapevolezza che la preghiera superi tutte le polemiche e gli scandali; nella certezza che \u00e8 solo grazie ai sacerdoti che abbiamo la possibilit\u00e0 di accedere ai sacramenti; nell\u2019esperienza dell\u2019accoglienza e dell\u2019ascolto che tutti noi abbiamo sperimentato; nel desiderio di voler essere di aiuto a questi nostri fratelli sacerdoti che, nei &hellip;<\/p>\n<p class=\"read-more\"> <a class=\"\" href=\"https:\/\/p4priests.it\/?page_id=31\"> <span class=\"screen-reader-text\">About<\/span> Leggi altro &raquo;<\/a><\/p>\n","protected":false},"author":1,"featured_media":0,"parent":0,"menu_order":0,"comment_status":"closed","ping_status":"closed","template":"","meta":{"site-sidebar-layout":"no-sidebar","site-content-layout":"page-builder","ast-site-content-layout":"","site-content-style":"default","site-sidebar-style":"default","ast-global-header-display":"","ast-banner-title-visibility":"","ast-main-header-display":"","ast-hfb-above-header-display":"","ast-hfb-below-header-display":"","ast-hfb-mobile-header-display":"","site-post-title":"disabled","ast-breadcrumbs-content":"","ast-featured-img":"","footer-sml-layout":"","theme-transparent-header-meta":"enabled","adv-header-id-meta":"","stick-header-meta":"","header-above-stick-meta":"","header-main-stick-meta":"","header-below-stick-meta":"","astra-migrate-meta-layouts":"","ast-page-background-enabled":"default","ast-page-background-meta":{"desktop":{"background-color":"","background-image":"","background-repeat":"repeat","background-position":"center center","background-size":"auto","background-attachment":"scroll","background-type":"","background-media":"","overlay-type":"","overlay-color":"","overlay-gradient":""},"tablet":{"background-color":"","background-image":"","background-repeat":"repeat","background-position":"center center","background-size":"auto","background-attachment":"scroll","background-type":"","background-media":"","overlay-type":"","overlay-color":"","overlay-gradient":""},"mobile":{"background-color":"","background-image":"","background-repeat":"repeat","background-position":"center center","background-size":"auto","background-attachment":"scroll","background-type":"","background-media":"","overlay-type":"","overlay-color":"","overlay-gradient":""}},"ast-content-background-meta":{"desktop":{"background-color":"var(--ast-global-color-5)","background-image":"","background-repeat":"repeat","background-position":"center center","background-size":"auto","background-attachment":"scroll","background-type":"","background-media":"","overlay-type":"","overlay-color":"","overlay-gradient":""},"tablet":{"background-color":"var(--ast-global-color-5)","background-image":"","background-repeat":"repeat","background-position":"center center","background-size":"auto","background-attachment":"scroll","background-type":"","background-media":"","overlay-type":"","overlay-color":"","overlay-gradient":""},"mobile":{"background-color":"var(--ast-global-color-5)","background-image":"","background-repeat":"repeat","background-position":"center center","background-size":"auto","background-attachment":"scroll","background-type":"","background-media":"","overlay-type":"","overlay-color":"","overlay-gradient":""}},"footnotes":""},"class_list":["post-31","page","type-page","status-publish","hentry"],"yoast_head":"<!-- This site is optimized with the Yoast SEO plugin v21.4 - https:\/\/yoast.com\/wordpress\/plugins\/seo\/ -->\n<title>About - P4priests<\/title>\n<meta name=\"robots\" content=\"index, follow, max-snippet:-1, max-image-preview:large, max-video-preview:-1\" \/>\n<link rel=\"canonical\" href=\"https:\/\/p4priests.it\/?page_id=31\" \/>\n<meta property=\"og:locale\" content=\"it_IT\" \/>\n<meta property=\"og:type\" content=\"article\" \/>\n<meta property=\"og:title\" content=\"About - P4priests\" \/>\n<meta property=\"og:description\" content=\"L&#8217;INIZIATIVA Perch\u00e8 questa iniziativa Nella consapevolezza che la preghiera superi tutte le polemiche e gli scandali; nella certezza che \u00e8 solo grazie ai sacerdoti che abbiamo la possibilit\u00e0 di accedere ai sacramenti; nell\u2019esperienza dell\u2019accoglienza e dell\u2019ascolto che tutti noi abbiamo sperimentato; nel desiderio di voler essere di aiuto a questi nostri fratelli sacerdoti che, nei &hellip; About Leggi altro &raquo;\" \/>\n<meta property=\"og:url\" content=\"https:\/\/p4priests.it\/?page_id=31\" \/>\n<meta property=\"og:site_name\" content=\"P4priests\" \/>\n<meta property=\"article:modified_time\" content=\"2023-11-14T20:21:05+00:00\" \/>\n<meta property=\"og:image\" content=\"https:\/\/p4priests.it\/wp-content\/uploads\/2023\/11\/Schermata-2023-11-08-alle-15.jpg\" \/>\n<meta name=\"twitter:card\" content=\"summary_large_image\" \/>\n<meta name=\"twitter:label1\" content=\"Tempo di lettura stimato\" \/>\n\t<meta name=\"twitter:data1\" content=\"2 minuti\" \/>\n<script type=\"application\/ld+json\" class=\"yoast-schema-graph\">{\"@context\":\"https:\/\/schema.org\",\"@graph\":[{\"@type\":\"WebPage\",\"@id\":\"https:\/\/p4priests.it\/?page_id=31\",\"url\":\"https:\/\/p4priests.it\/?page_id=31\",\"name\":\"About - P4priests\",\"isPartOf\":{\"@id\":\"https:\/\/p4priests.it\/#website\"},\"datePublished\":\"2020-04-13T11:18:52+00:00\",\"dateModified\":\"2023-11-14T20:21:05+00:00\",\"breadcrumb\":{\"@id\":\"https:\/\/p4priests.it\/?page_id=31#breadcrumb\"},\"inLanguage\":\"it-IT\",\"potentialAction\":[{\"@type\":\"ReadAction\",\"target\":[\"https:\/\/p4priests.it\/?page_id=31\"]}]},{\"@type\":\"BreadcrumbList\",\"@id\":\"https:\/\/p4priests.it\/?page_id=31#breadcrumb\",\"itemListElement\":[{\"@type\":\"ListItem\",\"position\":1,\"name\":\"Home\",\"item\":\"https:\/\/p4priests.it\/\"},{\"@type\":\"ListItem\",\"position\":2,\"name\":\"About\"}]},{\"@type\":\"WebSite\",\"@id\":\"https:\/\/p4priests.it\/#website\",\"url\":\"https:\/\/p4priests.it\/\",\"name\":\"P4priests\",\"description\":\"Aiutiamoli ad aiutarci\",\"potentialAction\":[{\"@type\":\"SearchAction\",\"target\":{\"@type\":\"EntryPoint\",\"urlTemplate\":\"https:\/\/p4priests.it\/?s={search_term_string}\"},\"query-input\":\"required name=search_term_string\"}],\"inLanguage\":\"it-IT\"}]}<\/script>\n<!-- \/ Yoast SEO plugin. -->","yoast_head_json":{"title":"About - P4priests","robots":{"index":"index","follow":"follow","max-snippet":"max-snippet:-1","max-image-preview":"max-image-preview:large","max-video-preview":"max-video-preview:-1"},"canonical":"https:\/\/p4priests.it\/?page_id=31","og_locale":"it_IT","og_type":"article","og_title":"About - P4priests","og_description":"L&#8217;INIZIATIVA Perch\u00e8 questa iniziativa Nella consapevolezza che la preghiera superi tutte le polemiche e gli scandali; nella certezza che \u00e8 solo grazie ai sacerdoti che abbiamo la possibilit\u00e0 di accedere ai sacramenti; nell\u2019esperienza dell\u2019accoglienza e dell\u2019ascolto che tutti noi abbiamo sperimentato; nel desiderio di voler essere di aiuto a questi nostri fratelli sacerdoti che, nei &hellip; About Leggi altro &raquo;","og_url":"https:\/\/p4priests.it\/?page_id=31","og_site_name":"P4priests","article_modified_time":"2023-11-14T20:21:05+00:00","og_image":[{"url":"https:\/\/p4priests.it\/wp-content\/uploads\/2023\/11\/Schermata-2023-11-08-alle-15.jpg"}],"twitter_card":"summary_large_image","twitter_misc":{"Tempo di lettura stimato":"2 minuti"},"schema":{"@context":"https:\/\/schema.org","@graph":[{"@type":"WebPage","@id":"https:\/\/p4priests.it\/?page_id=31","url":"https:\/\/p4priests.it\/?page_id=31","name":"About - P4priests","isPartOf":{"@id":"https:\/\/p4priests.it\/#website"},"datePublished":"2020-04-13T11:18:52+00:00","dateModified":"2023-11-14T20:21:05+00:00","breadcrumb":{"@id":"https:\/\/p4priests.it\/?page_id=31#breadcrumb"},"inLanguage":"it-IT","potentialAction":[{"@type":"ReadAction","target":["https:\/\/p4priests.it\/?page_id=31"]}]},{"@type":"BreadcrumbList","@id":"https:\/\/p4priests.it\/?page_id=31#breadcrumb","itemListElement":[{"@type":"ListItem","position":1,"name":"Home","item":"https:\/\/p4priests.it\/"},{"@type":"ListItem","position":2,"name":"About"}]},{"@type":"WebSite","@id":"https:\/\/p4priests.it\/#website","url":"https:\/\/p4priests.it\/","name":"P4priests","description":"Aiutiamoli ad aiutarci","potentialAction":[{"@type":"SearchAction","target":{"@type":"EntryPoint","urlTemplate":"https:\/\/p4priests.it\/?s={search_term_string}"},"query-input":"required name=search_term_string"}],"inLanguage":"it-IT"}]}},"_links":{"self":[{"href":"https:\/\/p4priests.it\/index.php?rest_route=\/wp\/v2\/pages\/31","targetHints":{"allow":["GET"]}}],"collection":[{"href":"https:\/\/p4priests.it\/index.php?rest_route=\/wp\/v2\/pages"}],"about":[{"href":"https:\/\/p4priests.it\/index.php?rest_route=\/wp\/v2\/types\/page"}],"author":[{"embeddable":true,"href":"https:\/\/p4priests.it\/index.php?rest_route=\/wp\/v2\/users\/1"}],"replies":[{"embeddable":true,"href":"https:\/\/p4priests.it\/index.php?rest_route=%2Fwp%2Fv2%2Fcomments&post=31"}],"version-history":[{"count":40,"href":"https:\/\/p4priests.it\/index.php?rest_route=\/wp\/v2\/pages\/31\/revisions"}],"predecessor-version":[{"id":513,"href":"https:\/\/p4priests.it\/index.php?rest_route=\/wp\/v2\/pages\/31\/revisions\/513"}],"wp:attachment":[{"href":"https:\/\/p4priests.it\/index.php?rest_route=%2Fwp%2Fv2%2Fmedia&parent=31"}],"curies":[{"name":"wp","href":"https:\/\/api.w.org\/{rel}","templated":true}]}}